{"id":169,"date":"2022-08-09T10:58:22","date_gmt":"2022-08-09T10:58:22","guid":{"rendered":"https:\/\/movimento-sociale-eurasia.org\/?page_id=169"},"modified":"2022-10-02T22:52:43","modified_gmt":"2022-10-02T22:52:43","slug":"assemblee-provinciali","status":"publish","type":"page","link":"https:\/\/movimento-sociale-eurasia.org\/index.php\/assemblee-provinciali\/","title":{"rendered":"Assemblee Provinciali"},"content":{"rendered":"\n<p>I gruppi locali di base sono le Sezioni. Ogni comune pu\u00f2 avere una sola Sezione, che porta il nome della citt\u00e0 o paese dove \u00e8 installata la sede.<\/p>\n\n\n\n<p>Le Assemblee Provinciali raggruppano le sezioni di competenza e sono rappresentate da un Referente Capogruppo Provinciale, eletto dai membri delle sezioni di riferimento.<\/p>\n\n\n\n<p>La Sezione ha tre figure come direttivo, Il Capogruppo e Referente di Sezione, Il Coordinatore alle attivit\u00e0 politiche ed Il Coordinatore alle attivit\u00e0 ed iniziative culturali.<\/p>\n\n\n\n<p>Il Capogruppo e Referente di Sezione dirige i lavori e di concerto con i membri della stessa, determina le strategie di formazione ed attivit\u00e0 della sezione.<\/p>\n\n\n\n<p>Il Coordinatore alle attivit\u00e0 politiche ed Il Coordinatore alle attivit\u00e0 ed iniziative culturali, hanno la responsabilit\u00e0 di pianificare le attivit\u00e0 con lo scopo di perseguire gli obiettivi decisi col Capogruppo e Referente di Sezione, gestendo e coordinando materialmente le attivit\u00e0 secondo i propri ruoli.<\/p>\n\n\n\n<p><\/p>\n\n\n\n<p><\/p>\n\n\n<div class=\"wp-block-image\">\n<figure class=\"aligncenter size-large is-resized\"><img decoding=\"async\" src=\"http:\/\/movimento-sociale-eurasia.org\/wp-content\/uploads\/2022\/08\/M.S.E.-Logo-Final-1024x650.png\" alt=\"\" class=\"wp-image-389\" width=\"-191\" height=\"-121\" srcset=\"https:\/\/movimento-sociale-eurasia.org\/wp-content\/uploads\/2022\/08\/M.S.E.-Logo-Final-1024x650.png 1024w, https:\/\/movimento-sociale-eurasia.org\/wp-content\/uploads\/2022\/08\/M.S.E.-Logo-Final-300x190.png 300w, https:\/\/movimento-sociale-eurasia.org\/wp-content\/uploads\/2022\/08\/M.S.E.-Logo-Final-768x487.png 768w, https:\/\/movimento-sociale-eurasia.org\/wp-content\/uploads\/2022\/08\/M.S.E.-Logo-Final-1536x974.png 1536w, https:\/\/movimento-sociale-eurasia.org\/wp-content\/uploads\/2022\/08\/M.S.E.-Logo-Final-2048x1299.png 2048w, https:\/\/movimento-sociale-eurasia.org\/wp-content\/uploads\/2022\/08\/M.S.E.-Logo-Final-696x442.png 696w, https:\/\/movimento-sociale-eurasia.org\/wp-content\/uploads\/2022\/08\/M.S.E.-Logo-Final-1068x677.png 1068w, https:\/\/movimento-sociale-eurasia.org\/wp-content\/uploads\/2022\/08\/M.S.E.-Logo-Final-1920x1218.png 1920w, https:\/\/movimento-sociale-eurasia.org\/wp-content\/uploads\/2022\/08\/M.S.E.-Logo-Final-662x420.png 662w\" sizes=\"(max-width: 1024px) 100vw, 1024px\" \/><\/figure><\/div>","protected":false},"excerpt":{"rendered":"<p>I gruppi locali di base sono le Sezioni. Ogni comune pu\u00f2 avere una sola Sezione, che porta il nome della citt\u00e0 o paese dove \u00e8 installata la sede. Le Assemblee Provinciali raggruppano le sezioni di competenza e sono rappresentate da un Referente Capogruppo Provinciale, eletto dai membri delle sezioni di riferimento. La Sezione ha tre [&hellip;]<\/p>\n","protected":false},"author":1,"featured_media":0,"parent":0,"menu_order":0,"comment_status":"closed","ping_status":"closed","template":"","meta":{"om_disable_all_campaigns":false,"footnotes":""},"class_list":["post-169","page","type-page","status-publish","hentry"],"aioseo_notices":[],"_links":{"self":[{"href":"https:\/\/movimento-sociale-eurasia.org\/index.php\/wp-json\/wp\/v2\/pages\/169","targetHints":{"allow":["GET"]}}],"collection":[{"href":"https:\/\/movimento-sociale-eurasia.org\/index.php\/wp-json\/wp\/v2\/pages"}],"about":[{"href":"https:\/\/movimento-sociale-eurasia.org\/index.php\/wp-json\/wp\/v2\/types\/page"}],"author":[{"embeddable":true,"href":"https:\/\/movimento-sociale-eurasia.org\/index.php\/wp-json\/wp\/v2\/users\/1"}],"replies":[{"embeddable":true,"href":"https:\/\/movimento-sociale-eurasia.org\/index.php\/wp-json\/wp\/v2\/comments?post=169"}],"version-history":[{"count":12,"href":"https:\/\/movimento-sociale-eurasia.org\/index.php\/wp-json\/wp\/v2\/pages\/169\/revisions"}],"predecessor-version":[{"id":1316,"href":"https:\/\/movimento-sociale-eurasia.org\/index.php\/wp-json\/wp\/v2\/pages\/169\/revisions\/1316"}],"wp:attachment":[{"href":"https:\/\/movimento-sociale-eurasia.org\/index.php\/wp-json\/wp\/v2\/media?parent=169"}],"curies":[{"name":"wp","href":"https:\/\/api.w.org\/{rel}","templated":true}]}}