{"id":165,"date":"2022-08-09T10:55:29","date_gmt":"2022-08-09T10:55:29","guid":{"rendered":"https:\/\/movimento-sociale-eurasia.org\/?page_id=165"},"modified":"2022-10-02T15:22:16","modified_gmt":"2022-10-02T15:22:16","slug":"programma","status":"publish","type":"page","link":"https:\/\/movimento-sociale-eurasia.org\/index.php\/programma\/","title":{"rendered":"Programma"},"content":{"rendered":"<div class=\"wp-block-image\">\n<figure class=\"aligncenter size-full is-resized\"><img loading=\"lazy\" decoding=\"async\" src=\"http:\/\/movimento-sociale-eurasia.org\/wp-content\/uploads\/2022\/08\/M.S.I.-Green-Circle-Ridotto.png\" alt=\"\" class=\"wp-image-395\" width=\"386\" height=\"235\"\/><\/figure><\/div>\n\n\n<p class=\"has-text-align-center\"><strong>BOZZA AGGIORNATA AL 29-9-2022<\/strong><\/p>\n\n\n\n<p class=\"has-text-align-center has-vivid-red-color has-text-color\"><strong>LA BOZZA DOVR\u00c0 ESSERE ELABORATA E DISCUSSA IN COORDINAMENTO COI COMITATI TECNICI, PERTANTO \u00c9 STATA PROGRAMMATA UNA DURATA DEI LAVORI, CHE SI PREVEDE VENIRE A CONCLUDERSI ENTRO GIUGNO 2023 <\/strong><\/p>\n\n\n\n<p><\/p>\n\n\n\n<p><\/p>\n\n\n\n<ul class=\"wp-block-list\"><li>RIPRISTINO DELLA SOVRANIT\u00c0 POLITICA.<\/li><li>RIPRISTINO DELLA SOVRANIT\u00c0 MONETARIA E AZZERAMENTO DEL DEBITO PUBBLICO.<\/li><li>NAZIONALIZZAZIONE DI TUTTI I SERVIZI ESSENZIALI ( SALUTE, ISTRUZIONE, TRASPORTI PUBBLICI) E RESPONSABILIT\u00c0 PENALE PER I GESTORI DI TALI SERVIZI. SI DOVR\u00c0 INCENTIVARE IL SISTEMA MERITOCRATICO. COMPITO DELLO STATO SAR\u00c0 QUELLO DI GARANTIRE L&#8217;ASSOLUTA EGUAGLIANZA TRA TUTTI I CITTADINI, OFFRENDO LORO I MIGLIORI SERVIZI DI BASE, QUALI L\u2019ISTRUZIONE E LA SANIT\u00c0 PUBBLICA. OGNI CITTADINO DOVR\u00c0 ESSERE MESSO IN CONDIZIONI DI\u201d GAREGGIARE AD ARMI PARI\u201d CON TUTTI GLI ALTRI, IN MODO TALE DA ESSERE IN GRADO DI PROSPERARE DURANTE LA VITA LAVORATIVA.<\/li><li>AL TERMINE DELLA VITA LAVORATIVA, LO STATO DOVR\u00c0 GARANTIRE UNA PENSIONE DI IMPORTO CONGRUO, IN MISURA TALE DA PERMETTERE DI VIVERE L\u2019ANZIANIT\u00c0 IN SERENIT\u00c0 ED INDIPENDENZA A TUTTI I CITTADINI.<\/li><li>ISTITUZIONE DI UNA STRUTTURA DI GOVERNANCE INDUSTRIALE SUL MODELLO DEL VECCHIO IRI (ISTITUTO PER LA RICOSTRUZIONE INDUSTRIALE).<\/li><li>USCITA DALL\u2019UNIONE EUROPEA.<\/li><li>USCITA DALLA N.A.T.O.<\/li><li>IL RILANCIO DELLA NOSTRA ECONOMIA NON PU\u00d2 NON TENERE IN CONSIDERAZIONE LA NOSTRA DIPENDENZA ENERGETICA DA ALTRI PAESI: IN ITALIA NON ABBIAMO CENTRALI NUCLEARI, PERCH\u00c9 RITENUTE PERICOLOSE, MA COMPRIAMO ENERGIA DALLA FRANCIA E DALLA SVIZZERA CHE LA PRODUCONO NELLE PROPRIE CENTRALI NUCLEARI, SPESSO COLLOCATE A RIDOSSO DEI NOSTRI CONFINI NAZIONALI.<br>TORNARE ALL&#8217;ENERGIA NUCLEARE E ANACRONISTICO E NON ECOSOSTENIBILE, PERTANTO L&#8217;INDIPENDENZA ENERGETICA LA SI POTR\u00c0 RAGGIUNGERE SOLO PASSANDO GRADUALMENTE ALLE ENERGIE RINNOVABILI, COME AD ESEMPIO IL FOTOVOLTAICO. OGNI EDIFICIO COSTRUITO IN ITALIA DOVR\u00c0 ESSERE RESO AUTONOMO ENERGETICAMENTE E PRODURRE DA S\u00c9 TUTTA L\u2019ENERGIA ELETTRICA DI CUI HA BISOGNO. QUESTO SI POTREBBE FARE ATTRAVERSO FINANZIAMENTO STATALE E SOSTITUENDO DUNQUE TUTTE LE COPERTURE CON PANNELLI FOTOVOLTAICI (CHE DOVRANNO ESSERE PRODOTTI IN ITALIA E NON ACQUISTATI ALL&#8217;ESTERO IN MODO TALE CHE L&#8217;ITALIA DIVENTI CAPOFILA MONDIALE NELLA PRODUZIONE DI ENERGIA ELETTRICA ECOSOSTENIBILE). L&#8217;ITALIA DOVR\u00c0 ESSERE IN GRADO DI PRODURRE AL SUO INTERNO OGNI COSA DI CUI CI SIA BISOGNO A PARTIRE DAI PRODOTTI ALIMENTARI, IN MODO TALE DA ANNULLARE OGNI SUDDITANZA VERSO I PAESI ESTERI, DOVE ABBIAMO PURTROPPO DELOCALIZZATO LE NOSTRE PRODUZIONI. LE MULTINAZIONALI PRESENTI IN ITALIA, CHE PER\u00d2 HANNO SEDE FISCALE IN OLANDA, DOVRANNO RITORNARE A VERSARE LE TASSE QUI NEL NOSTRO PAESE, PENA LA CONFISCA E LA NAZIONALIZZAZIONE DI TUTTI I LORO BENI.<\/li><\/ul>\n\n\n\n<p>OGNI AZIENDA OPERANTE SUL TERRITORIO ITALIANO DEVE PAGARE LE TASSE ALLO STATO ITALIANO, PENA CONFISCA E NAZIONALIZZAZIONE.<\/p>\n\n\n\n<ul class=\"wp-block-list\"><li>RETTIFICARE LA NOSTRA COSTITUZIONE IN CHIAVE LIBERALE, ELIMINANDONE I RIDONDANTI E SUPERFLUI ASPETTI RELATIVI ALL\u2019ANTIFASCISMO.<\/li><li>DARE MASSIMA AUTONOMIA ALL\u2019ARMA DEI CARABINIERI, CHE DEVE ESSERE SVINCOLATA DAL MINISTERO DELLA DIFESA E RESA INDIPENDENTE IN MODO DA POTERE ESSERE ESTREMO BALUARDO A DIFESA DELLA NOSTRA COSTITUZIONE.<\/li><li>RIPRISTINO E RIVALUTAZIONE DELLA LEVA MILITARE OBBLIGATORIA (CHE SERVIVA INNANZITUTTO A FORMARE UOMINI) E ORA DI EDUCAZIONE CIVICA NELLE SCUOLE UNITAMENTE AD ALCUNE ORE DI SERVIZI SOCIALI.<\/li><li>NO A VACCINAZIONI OBBLIGATORIE.<\/li><li>NO A GREEN PASS O AFFINI.<\/li><li>NO A IDENTIT\u00c0 DIGITALI OBBLIGATORIE.<\/li><li>NO ALLA TRANSIZIONE DIGITALE COATTA.<\/li><li>RISTABILIMENTO DI UN\u2019INTESA PRIVILEGIATA CON LA RUSSIA, COME PARTNER STRATEGICO ED INTERLOCUTORE GEOPOLITICO NATURALE.<\/li><li>RIAFFERMAZIONE E SALVAGUARDIA DELLA PROPRIET\u00c0 PRIVATA, NONCH\u00c9 DELL\u2019INVIOLABILILIT\u00c0 DEL DOMICILIO, ATTRAVERSO MODIFICHE DI LEGGE VOLTE A GARANTIRE NON LUOGO A PROCEDERE PER CHI SI DIFENDA DA UN\u2019INTRUSIONE DOMESTICA.<\/li><li>MODIFICHE DELLA REGOLAMENTAZIONE SUL RILASCIO DEL PORTO D\u2019ARMI. POSSIBILIT\u00c0 DI OTTENERE IL PORTO D\u2019ARMI AD USO SPORTIVO (CHE PERMETTA LA DETENZIONE DI UN\u2019ARMA PRESSO IL PROPRIO DOMICILIO). TALE NUOVA REGOLAMENTAZIONE, CONSENTIR\u00c0 LA DETENZIONE DI UN\u2019ARMA NEL PROPRIO DOMICILIO ED IL TRASPORTO DALLA PROPRIA ABITAZIONE AL TIRO A SEGNO NAZIONALE.<br>I REQUISITI PER OTTENERE TALE PORTO D\u2019ARMI, \u00c8 UNICAMENTE L\u2019OTTENIMENTO DEL DIPLOMA DI IDONEIT\u00c0 AL MANEGGIO DI ARMI, COL QUALE SI POTR\u00c0 DIRETTAMENTE ACQUISTARE L\u2019ARMA, ESIBENDOLO AL COMMERCIANTE AUTORIZZATO.<br>TUTTAVIA RESTA OBBLIGATORIA UNA FREQUENZA DI ALMENO 4 SESSIONI L\u2019ANNO AL TIRO A SEGNO NAZIONALE, DI CUI ALMENO UNA OGNI TRIMESTRE ED IL SUPERAMENTO DELLA VISITA MEDICA ED OCULISTICA OGNI 2 ANNI, DA SVOLGERSI SEMPRE PRESSO IL TIRO A SEGNO NAZIONALE.<\/li><\/ul>\n\n\n\n<p>LA VENDITA DI QUALSIASI ARMA DA FUOCO, RESTA PROIBITA AI MINORENNI, ED IL CONTROLLO SUL CLIENTE DA PARTE DEL VENDITORE DI ARMI RESTA RESPONSABILIT\u00c0 DI QUEST\u2019ULTIMO, IL QUALE DOVR\u00c0 SINCERARSI SE IL PRIMO POSSEGGA GI\u00c0 ALTRE ARMI REGISTRATE NONCH\u00c9 LA PRESENZA DI ALTRI EVENTUALI PERMESSI.<br>CHIUSURA DELL\u2019ESERCIZIO E DA 2 A 4 ANNI DI RECLUSIONE PER I COMMERCIANTI CHE DOVESSERO VENDERE ARMI, TENTANDO DI ELUDERE O DISATTENDERE LE NORME VOLTE AL CONTROLLO DELLA DESTINAZIONE DELLE ARMI STESSE.<\/p>\n\n\n\n<ul class=\"wp-block-list\"><li>PERSECUZIONE PENALE VERSO CHIUNQUE, ATTRAVERSO I MERCATI, QUANTO ATTRAVERSO LA FINANZA INTERNAZIONALE O NAZIONALE, SPECULI SULL\u2019ITALIA, DESTABILIZZANDO IL PAESE E LA SUA ECONOMIA, METTENDO A REPENTAGLIO LA SERENIT\u00c0 ECONOMICA DEI CITTADINI. IN TALI PROCEDIMENTI SI INCLUDONO QUEI PROCESSI SPECULATIVI RISULTANTI IN UN SIGNIFICATIVO AUMENTO NEI PREZZI DELLE RISORSE E DEI BENI ESSENZIALI.<\/li><li>DIFESA DEL DENARO CONTANTE COME DIRITTO INVIOLABILE DEL CITTADINO.<\/li><li>IMPEDIRE LA SOSTITUZIONE DELLA MONETA CONTANTE CON LA MONETA ELETTRONICA, SPECIE PERCH\u00c9 LA MONETA CONTANTE \u00c8 DI PROPRIET\u00c0 PRIVATA, QUELLA BANCARIA INVECE \u00c8 CEDUTA A FRONTE DI UN CREDITO AGLI ISTITUTI, CHE VENGONO DUNQUE POSTI IN CONDIZIONE DI TITOLARI EFFETTIVI E TRAMITI AD OGNI OPERAZIONE, DA CUI DIPENDE DUNQUE OBBLIGATORIAMENTE IL LORO DISCREZIONALE AVALLO. TALE AUTORIT\u00c0 NON PU\u00d2 ESSERE DEMANDATA O CONFERITA A ENTI PRIVATI, IN QUANTO ANDREBBE A NETTO DETRIMENTO DELLE LIBERT\u00c0 E DIRITTI INDIVIDUALI.<\/li><li>LOTTA ALLA DISOCCUPAZIONE TECNOLOGICA: POLITICHE CHE REGOLAMENTINO IN MANIERA FERREA L\u2019IMPIEGO DELLA TECNOLOGIA IN AMBITO PROFESSIONALE, PONENDOLA IN CONDIZIONE DI ESSERE AL SERVIZIO DEGLI INTERESSI DEL CITTADINO E NON AL SERVIZIO DEI PROPRIETARI DELLE TECNOLOGIE STESSE.<\/li><li>STOP TTIP (TRATTATO TRANSATLANTICO SUL COMMERCIO E GLI INVESTIMENTI) ED AI TRATTATI INTERNAZIONALI DI LIBERO SCAMBIO E DESECRETAZIONE DEGLI ACCORDI E DEI CONTRATTI STIPULATI IN OGNI SETTORE DALLO STATO CON LE MULTINAZIONALI.<\/li><li>BANCA CENTRALE DI PROPRIET\u00c0 DELLO STATO.<\/li><li>SISTEMA BANCARIO A PREVALENZA PUBBLICO, CON SEPARAZIONE NETTA TRA BANCHE COMMERCIALI E BANCHE D\u2019INVESTIMENTO.<\/li><li>INSTAURAZIONE PRIORITARIA DELLA SOVRANIT\u00c0 MONETARIA, ENERGETICA E ALIMENTARE.<\/li><li>SALVAGUARDIA DELLA TRADIZIONE E CULTURA ITALIANA , DEI BENI CULTURALI, ARTISTICI E DEI MUSEI. INVESTIMENTI NELLE INIZIATIVE CULTURALI.<\/li><li>RIFORMA SANITARIA PER UN RITORNO INTEGRALE AD UNA EFFICIENTISSIMA GESTIONE PUBBLICA.<\/li><li>RIFORMA DELL\u2019ISTRUZIONE, PER TORNARE AI LIVELLI DI INCONTESTABILE ECCELLENZA, COME PRIMA DEGLI ANNI \u201890.<\/li><li>PROTEZIONE E SUPERVISIONE DEGLI ASSET STRATEGICI INDUSTRIALI.<\/li><li>USCITA DALL\u2019EURO E DA QUESTA UNIONE EUROPEA, MA NELLA PROSPETTIVA DI UN\u2019INTESA STRETTA E PRIVILEGIATA TRA TUTTI I PAESI EUROPEI, PUR QUESTI MANTENENDO LA PROPRIA SOVRANIT\u00c0 POLITICA ED ECONOMICA<\/li><li>INCHIESTA SULLE RESPONSABILIT\u00c0 PENALI DI CHI HA TRAGHETTATO L\u2019ITALIA NELL\u2019ILLEGITTIMA UNIONE EUROPEA, ANNESSIONE VIETATA ESPRESSAMENTE ED INEQUIVOCABILMENTE DALLA COSTITUZIONE ITALIANA STESSA.<\/li><li>CONVERSIONE DELLE BASI MILITARI DI FORZE STRANIERE SUL TERRITORIO NAZIONALE IN BASI MILITARI ITALIANE.<\/li><li>ABOLIZIONE DEI PROGRAMMI DI FORMAZIONE SCOLASTICA COME LA DAD, CHE DOVR\u00c0 RESTARE UNA RISORSA EMERGENZIALE CIRCOSCRITTA A REALI CAUSE DI FORZA MAGGIORE E COMUNQUE PER BREVISSIMI PERIODI, NON SUPERIORI AI 2 MESI L\u2019ANNO.<\/li><li>STOP AI PROGRAMMI D\u2019INDOTTRINAMENTO GENDER, E AL TRANSUMANESIMO.<\/li><li>TRASPARENZA SULLA PROVENIENZA DELLE FONTI GIORNALISTICHE E DEI FINANZIAMENTI DELL\u2019EDITORIA PUBBLICA E PRIVATA.<\/li><li>IMPOSSIBILIT\u00c0 DI POSSEDERE TESTATE GIORNALISTICHE O TELEVISIONI DA PARTE DI CHI POSSIEDA AZIENDE DI RILEVANZA NAZIONALE O INTERNAZIONALE. CONFIGURAZIONE DI PENE GRAVISSIME PER I TRASGRESSORI E STATALIZZAZIONE DELLE TESTATE O TELEVISIONI ATTUALMENTE IN POSSESSO DI TALI SOGGETTI.<\/li><li>IMPOSSIBILIT\u00c0 PER I GRANDI SOCIAL MEDIA QUALI FACEBOOK, YOUTUBE ED INSTAGRAM DI OPERARE QUALSIASI TIPO DI CENSURA SUI CONTENUTI DEGLI UTENTI. LE SUDDETTE AZIENDE DOVRANNO RIVOLGERSI ALLE AUTORIT\u00c0 PER FARE RIMUOVERE I CONTENUTI E CI\u00d2 POTR\u00c0 AVVENIRE SOLO NEI RIGUARDI DI CONTENUTI IN CONTRASTO CON LA LEGGE.<br>I SOCIAL MEDIA NON SONO EDITORI, PERTANTO NON VIENE LORO RICONOSCIUTO IL DIRITTO DI SELEZIONARE I CONTENUTI DA PUBBLICARE O DI MANTENERE \u201cLINEE GUIDA\u201d IN TAL SENSO, PROPRIO PERCH\u00c9 ESSENDO COS\u00cc TANTO DIFFUSI, NON POSSONO PI\u00d9 ESSERE CONSIDERATI COME QUALCOSA DI PRIVATO INTERESSE, PERTANTO, SPECIE NEGLI ASPETTI INERENTI LA LIBERT\u00c0 DI ESPRESSIONE, L\u2019ITALIA NEGA A QUESTE CORPORATION DI AVERE VOCE SU COSA IL PUBBLICO POSSA PUBBLICARE O MENO, FATTA ECCEZIONE PER I CONTENUTI ILLEGALI, CHE POTRANNO ESSERE RIMOSSI UNICAMENTE DAL GIUDICE.<\/li><\/ul>\n\n\n\n<p>L\u2019INFRAZIONE A QUESTA NORMA, COMPORTER\u00c0 UNA MULTA DI EURO 200.000, UN RISARCIMENTO DIRETTO VERSO LA VITTIMA, NELLA MISURA DI EURO 20.000 E L\u2019OSCURAMENTO DEL SITO PER DUE SETTIMANE IN TUTTO IL TERRITORIO NAZIONALE.<\/p>\n\n\n\n<ul class=\"wp-block-list\"><li>DIETRO RICHIESTA DELL\u2019UTENTE INTERESSATO, DOVERE PER GLI AMMINISTRATORI DEI SOCIAL MEDIA, DI VERIFICARE, IDENTIFICARE E RIPORTARE ALLE AUTORIT\u00c0 EVENTUALI FALSI PROFILI, CHE USINO FOTO O DATI PERSONALI OD ANAGRAFICI DI ALTRE PERSONE, ALLO SCOPO DI RUBARNE L\u2019IDENTIT\u00c0. L\u2019AZIENDA HA TEMPO 7 GIORNI PER COMPIERE TUTTE LE VERIFICHE DEL CASO, PENA L\u2019OSCURAMENTO PER 2 SETTIMANE IN TUTTO IL TERRITORIO NAZIONALE.<\/li><li>ABOLIZIONE DELL\u2019ORDINE DEI GIORNALISTI E DEI MEDICI.<\/li><li>STOP AL FINANZIAMENTO PUBBLICO DELL\u2019EDITORIA PRIVATA, ANCHE SE MICRO-EDITORIA.<\/li><li>NO AGLI OGM, ORGANISMI GENETICAMENTE MODIFICATI DALL\u2019INGEGNERIA GENETICA.<\/li><li>MESSA AL BANDO DELLE TECNICHE DI MODIFICA GENETICA, DA CONSIDERARSI FUORILEGGE.<\/li><li>STOP ALL\u2019INQUINAMENTO DEI CIBI E DELLE COLTIVAZIONI E PROMOZIONE DEL BENESSERE ANIMALE.<\/li><li>SOSTEGNO ALLE AZIENDE BIOLOGICHE.<\/li><li>ABOLIZIONE E MESSA AL BANDO DEI PROGRAMMI DI GEO-INGEGNERIA.<\/li><li>MESSA AL BANDO E DICHIARARE FUORI LEGGE OGNI PROMOZIONE, GIUSTIFICAZIONE O INCITAMENTO ALLA PEDOFILIA, CON PENE DETENTIVE DA 8 MESI A 4 ANNI, SE TALE AZIONE \u00c8 STATA EFFETTUATA A MEZZO STAMPA O INTERNET.<\/li><li>DRASTICO RIDIMENSIONAMENTO DEI POTERI DEGLI ASSISTENTI SOCIALI, FORMAZIONE DI DIVERSE COMMISSIONI VOLTE A CONSIDERARE LA FONDATEZZA DI OGNI SINGOLA DOMANDA DI ALLONTANAMENTO DEL MINORE DALLA PROPRIA FAMIGLIA. PENE GRAVI DAI 5 AI 10 ANNI DI RECLUSIONE, PER GLI ASSISTENTI SOCIALI DI CUI SIA STATA STABILITA LA MALAFEDE NEL SEGNALARE INFONDATAMENTE UNA FAMIGLIA, ALLO SCOPO DI ALLONTANARNE I FIGLI, SPECIE SE TALE FINE \u00c8 A SCOPO DI LUCRO.<\/li><li>INTERVENTI A 360\u00b0 SU OGNI LEGGE IN CONTRADDIZIONE COL CONCETTO DEL RUOLO DELLA FAMIGLIA NATURALE COME BASE FONDANTE DELLA SOCIET\u00c0 E REQUISITO NECESSARIO ALLA SUA SALUTE E PERPETUAZIONE.<\/li><li>MESSA AL BANDO E INQUADRATA COME FUORILEGGE LA VIVISEZIONE, CON PENE DAGLI 8 AI 15 ANNI PER OGNI ANIMALE RESO VITTIMA. PROMOZIONE E DIFESA DEI DIRITTI E DEL BENESSERE DI TUTTI GLI ANIMALI E DELL\u2019ECOSISTEMA.<\/li><li>PROMOZIONE PER LO SVILUPPO INTELLIGENTE DI MOTORI A COMBUSTIBILE FOSSILE MENO INQUINANTI, PENALIZZAZIONI VERSO L\u2019AUTO ELETTRICA, CHE INQUINA MAGGIORMENTE DELLE VETTURE TRADIZIONALI, SPECIE NEL PROCESSO DI PRODUZIONE E SMALTIMENTO.<\/li><li>SUPPORTO ECONOMICO TEMPORANEO PER LA FAMIGLIA NATURALE IN DIFFICOLT\u00c0, QUALORA GLI INTERESSATI SIANO IN POSSESSO DEI REQUISITI, TRA CUI LA PERDITA DELL\u2019IMPIEGO ED AVER LAVORATO ALMENO 24 MESI NEGLI ULTIMI 3 ANNI.<\/li><li>UNA LEGGE PER IMPEDIRE L\u2019OCCUPAZIONE DELLE CASE, CON ARRESTO E UNA PENA MINIMA DI 5 ANNI FINO A 8 ANNI IN CASO DI RECIDIVA.<\/li><li>ERADICAMENTO DELL\u2019IMMIGRAZIONE CLANDESTINA IN TUTTE LE SUE FORME. CHIUSURA TOTALE AD OGNI FLUSSO MIGRATORIO FINO AL RIMPATRIO DI TUTTI I CLANDESTINI IRREGOLARI CHE NON SONO IN POSSESSO DI UN REGOLARE CONTRATTO DI LAVORO E DEI REQUISITI NECESSARI.<\/li><li>DIVIETO DI ACCOGLIERE NEL PAESE PI\u00d9 DI 500 IMMIGRATI REGOLARI L\u2019ANNO, I QUALI DOVRANNO COMUNQUE ESSERE IN POSSESSO DEI REQUISITI QUALI UN LAVORO DIMOSTRABILE AD ATTENDERLI E L\u2019APERTURA DI UN CONTO PRESSO UNA BANCA ITALIANA PER UN AMMONTARE MINIMO DI EURO 30.000 (DI CUI EURO 10.000 COME CAUZIONE A FAVORE DELLO STATO ITALIANO), LA CUI PROVENIENZA DEVE ESSERE DOCUMENTATA E OGGETTIVAMENTE VERIFICABILE DALLE AUTORIT\u00c0 ITALIANE.<br>VENGONO FATTI SALVI DA TALE REGOLAMENTAZIONE I CITTADINI STRANIERI PROVENIENTI DAI PAESI EUROPEI, DAL REGNO UNITO E DALLA RUSSIA, ESSENDO PI\u00d9 COMPATIBILI CON I COSTUMI E LA SOCIET\u00c0 ITALIANA, FERMO RESTANDO L\u2019OBBLIGATORIET\u00c0 NEL DIMOSTRARE DI AVERE UN LAVORO ED UN CONTO CORRENTE I CUI FONDI SIANO DI ORIGINE ACCERTABILE, PER UN AMMONTARE MINIMO DI EURO 10.000.<\/li><li>UNA LEGGE SPECIALE VALIDA PER TUTTA LA DURATA DELLA CRISI ENERGETICA, CHE TUTELI TUTTE LE UTENZE, SIMILE A QUELLA CHE GARANTISCE L\u2019ACQUA ANCHE AI MOROSI. TALE LEGGE DEVE POTER GARANTIRE IL PAGAMENTO DELL\u2019 UTENZA DOMESTICA ANCHE PER LE UTENZE DI LUCE E GAS, QUALORA L\u2019INDIVIDUO O IL NUCLEO FAMIGLIARE IN QUESTIONE, DIMOSTRI DI NON POTER PAGARE LE BOLLETTE. LO STATO SI FAR\u00c0 CARICO DI PAGARE LE UTENZE ALL\u2019EROGATORE DEI SERVIZI.<\/li><li>IMPOSSIBILIT\u00c0 DI FERMO SULLA PRIMA AUTO FAMIGLIARE.<\/li><li>RIPRISTINARE UNA REGOLAMENTAZIONE SULL\u2019EROGAZIONE DEGLI ESERCIZI PUBBLICI ADDETTI ALLA RISTORAZIONE, CHE DETERMINO UN DIVIETO DI APRIRE UN BAR A MENO DI 500 METRI ED UN RISTORANTE A MENO DI METRI 800, COS\u00cc DA INCENTIVARE INVESTIMENTI PER STRUTTURE DI MAGGIOR QUALIT\u00c0 E CHE POSSANO RENDERE MAGGIOR PROFITTO, CREANDO AL CONTEMPO UN MAGGIOR NUMERO DI POSTI DI LAVORO.<\/li><li>CREARE UN\u2019ETICHETTA CHE SOSTITUISCA E SOPPIANTI IL SEDIZIOSO ED ILLEGITTIMO \u201cNUTRISCORE\u201d UE, CHE VA DICHIARATO ILLEGALE IN ITALIA. LA NUOVA ETICHETTA SAR\u00c0 UN SERIO ED ATTENDIBILE INDICATORE DI GENUINIT\u00c0 E QUALIT\u00c0, BASATO SUI SEGUENTI CRITERI.<\/li><\/ul>\n\n\n\n<p>1 &#8211; GENUINIT\u00c0 DEGLI INGREDIENTI<br><\/p>\n\n\n\n<p>2 &#8211; STANDARD QUALITATIVO DI PRODUZIONE<br><\/p>\n\n\n\n<p>3 &#8211; VALORI NUTRIZIONALI COMPLETI<br><\/p>\n\n\n\n<p>4 \u2013 ORIGINI TRADIZIONALI E CARATTERISTICHE DELLA RICETTA<br><\/p>\n\n\n\n<p>5- DISTINGUE TRA I DIVERSI TIPI DI GRASSI \u2013 PENALIZZANDO QUELLI DANNOSI E MENZIONANDO QUELLI INDISPENSABILI PER LA SALUTE UMANA. L\u2019INDICATORE TERR\u00c0 DUNQUE CONTO DELLA QUANTIT\u00c0 DI GRASSI MA SOPRATTUTTO DELLE LORO PREROGATIVE           <\/p>\n\n\n\n<p><\/p>\n\n\n\n<p>6 &#8211; COMPOSIZIONE ESATTA DEL CIBO E SUA LAVORAZIONE<\/p>\n\n\n\n<p><\/p>\n\n\n\n<ul class=\"wp-block-list\"><li>PENALIZZAZIONE DEI CIBI ULTRA PROCESSATI, COS\u00cc DA EVITARE CHE I CONSUMATORI POSSANO SOSTITUIRE CIBI RICCHI DI GRASSI CON CIBI APPARENTEMENTE PI\u00d9 SANI MA ALTAMENTE ELABORATI , COME \u00c8 SUCCESSO E SUCCEDE CON L\u2019ATTUALE, TRUFFALDINO NUTRI-SCORE<\/li><li>IL GIUDIZIO DEVE ESSERE BASATO SU AMBEDUE I PARAMETRI SIA SULLE PORZIONI CHE SUI 100G E DEVE VALUTARE CON PERIZIA IL VALORE DELLE DIETE TRADIZIONALI.<\/li><li>TASSAZIONE INCREMENTATA PER ALIMENTI MENO SANI, SNACK, PATATINE CONFEZIONATE E JUNK-FOOD IN GENERALE.<\/li><\/ul>\n","protected":false},"excerpt":{"rendered":"<p>BOZZA AGGIORNATA AL 29-9-2022 LA BOZZA DOVR\u00c0 ESSERE ELABORATA E DISCUSSA IN COORDINAMENTO COI COMITATI TECNICI, PERTANTO \u00c9 STATA PROGRAMMATA UNA DURATA DEI LAVORI, CHE SI PREVEDE VENIRE A CONCLUDERSI ENTRO GIUGNO 2023 RIPRISTINO DELLA SOVRANIT\u00c0 POLITICA. RIPRISTINO DELLA SOVRANIT\u00c0 MONETARIA E AZZERAMENTO DEL DEBITO PUBBLICO. NAZIONALIZZAZIONE DI TUTTI I SERVIZI ESSENZIALI ( SALUTE, ISTRUZIONE, [&hellip;]<\/p>\n","protected":false},"author":1,"featured_media":0,"parent":0,"menu_order":0,"comment_status":"closed","ping_status":"closed","template":"","meta":{"om_disable_all_campaigns":false,"footnotes":""},"class_list":["post-165","page","type-page","status-publish","hentry"],"aioseo_notices":[],"_links":{"self":[{"href":"https:\/\/movimento-sociale-eurasia.org\/index.php\/wp-json\/wp\/v2\/pages\/165","targetHints":{"allow":["GET"]}}],"collection":[{"href":"https:\/\/movimento-sociale-eurasia.org\/index.php\/wp-json\/wp\/v2\/pages"}],"about":[{"href":"https:\/\/movimento-sociale-eurasia.org\/index.php\/wp-json\/wp\/v2\/types\/page"}],"author":[{"embeddable":true,"href":"https:\/\/movimento-sociale-eurasia.org\/index.php\/wp-json\/wp\/v2\/users\/1"}],"replies":[{"embeddable":true,"href":"https:\/\/movimento-sociale-eurasia.org\/index.php\/wp-json\/wp\/v2\/comments?post=165"}],"version-history":[{"count":10,"href":"https:\/\/movimento-sociale-eurasia.org\/index.php\/wp-json\/wp\/v2\/pages\/165\/revisions"}],"predecessor-version":[{"id":1306,"href":"https:\/\/movimento-sociale-eurasia.org\/index.php\/wp-json\/wp\/v2\/pages\/165\/revisions\/1306"}],"wp:attachment":[{"href":"https:\/\/movimento-sociale-eurasia.org\/index.php\/wp-json\/wp\/v2\/media?parent=165"}],"curies":[{"name":"wp","href":"https:\/\/api.w.org\/{rel}","templated":true}]}}